{"id":31489,"date":"2025-06-18T14:13:05","date_gmt":"2025-06-18T12:13:05","guid":{"rendered":"https:\/\/www.ripstop.pl\/produkt\/dyneema-composite-fabric-ct1e-08-moro\/"},"modified":"2025-06-18T14:18:35","modified_gmt":"2025-06-18T12:18:35","slug":"dyneema-composite-fabric-ct1e-08-moro","status":"publish","type":"product","link":"https:\/\/www.ripstop.be\/en\/produkt\/dyneema-composite-fabric-ct1e-08-moro\/","title":{"rendered":"Dyneema\u00ae Composite Fabric CT1E.08 Moro"},"content":{"rendered":"<p>Materia\u0142y Dyneema charakteryzuj\u0105 si\u0119 ultra du\u017c\u0105 mas\u0105 cz\u0105steczkow\u0105 UHMWPE (ultra high moleclur weigh polyethylene). <b>Dyneema jest znany jako najsilniejsze w\u0142\u00f3ko na \u015bwiecie. <strong>15x mocniejsze ni\u017c stal.<\/strong><\/b><\/p>\n<p>Materia\u0142 chroniny przez United States Bureau of Industry and Security (BIS) i sklasyfikowany jako (ECCN) 1C990 (Export Control Classification Number). Zabroniony eksport towaru do Po\u0142nocnej Korei, Syrii, Iranu, Kuby, Sudanu oraz w celach militarnych do Rosji, Wenezueli i Chin. Nieprzestrzeganie zakazu mo\u017ce grozi\u0107 konsekwencjami prawnymi.<\/p>\n","protected":false},"excerpt":{"rendered":"<p><b>Dyneema Composite Fabric (DCF) znany r\u00f3wnie\u017c jako Cuben Fiber. Najl\u017cejszy i tak mocny na rynku. Bezkompromisowy. <\/b>Materia\u0142 kompozytowy z w\u0142\u00f3knem Dyneema. Specjalistyczny bardzo wysokiej jako\u015bci materia\u0142 o wyj\u0105tkowej wytrzyma\u0142o\u015bci i wadze. Typowe zastosowanie torby, plecaki, bardzo wytrzyma\u0142e tarpy, cz\u0119\u015bci namiotu: \u015bciany, wzmocnienia, latawce, ubrania wodoodporne.<\/p>\n<p>Produkt wykonany z <strong>Bio-Based Dyneema<\/strong><\/p>\n<ul>\n<li><strong>Kolor<\/strong>: moro<\/li>\n<li><strong>Sk\u0142ad<\/strong>: wzmocnienie 100% polietylen, pow\u0142oka 100% poliester<\/li>\n<li><strong>Waga<\/strong>: 18.7 g\/m2 (0.51 oz\/yd\u00a0<sup>2<\/sup>)<\/li>\n<li><strong>Szeroko\u015b\u0107<\/strong>: 137cm<\/li>\n<li><strong>Wodoodporno\u015b\u0107<\/strong> 15.000mm<\/li>\n<li><strong>Wytrzyma\u0142o\u015b\u0107<\/strong>:\n<ul>\n<li>Osnowa: 63 lb\/in (552N\/5cm)<\/li>\n<li>W\u0105tek: 63 lb\/in (522N\/5cm)<\/li>\n<\/ul>\n<\/li>\n<\/ul>\n<p>Dyneema jest materia\u0142em, kt\u00f3ry stosunkowo \u0142atwo ulega odkszta\u0142ceniom (gniecie si\u0119:) dlatego rekomendujemy wyb\u00f3r opcji dostawy <strong>\u2018na rolce\u2019<\/strong>. Po z\u0142o\u017ceniu i wys\u0142aniu w pude\u0142ku b\u0119d\u0105 widoczne zagi\u0119cia.<\/p>\n<p>W przypadku ca\u0142ej rolki (36mb) prosimy o kontakt mailowy lub telefoniczny po indywidualn\u0105 wycen\u0119. Przedstawiona na stronie cena zawiera 23% podatek VAT.<\/p>\n<p><span class=\"Y2IQFc\" lang=\"pl\">Dyneema\u00ae jest znakiem towarowym firmy Avient Corp. U\u017cywanie tych znak\u00f3w towarowych wymaga zgody firmy Avient.<\/span><\/p>\n","protected":false},"featured_media":31469,"template":"","meta":{"_acf_changed":false},"product_brand":[],"product_cat":[],"product_tag":[288,170,106,287,108,284,285,163],"class_list":{"0":"post-31489","1":"product","2":"type-product","3":"status-publish","4":"has-post-thumbnail","6":"product_tag-cuben-fabric-en-2","7":"product_tag-durable-en","8":"product_tag-durable","9":"product_tag-dyneema-en-2","10":"product_tag-good-for-flags","11":"product_tag-good-for-kites-en","12":"product_tag-good-for-tarps-en","13":"product_tag-tents","15":"first","16":"instock","17":"taxable","18":"shipping-taxable","19":"purchasable","20":"product-type-simple"},"supplier_id":null,"supplier_sku":"","barcode":null,"atum_controlled":true,"out_stock_date":null,"out_stock_threshold":null,"inheritable":false,"inbound_stock":null,"stock_on_hold":null,"sold_today":null,"sales_last_days":null,"reserved_stock":null,"customer_returns":null,"warehouse_damage":null,"lost_in_post":null,"other_logs":null,"out_stock_days":null,"lost_sales":null,"has_location":null,"update_date":null,"atum_locations":[],"atum_stock_status":"instock","restock_status":false,"low_stock_amount":"","sales_update_date":null,"calc_backorders":null,"acf":[],"aioseo_notices":[],"jetpack_sharing_enabled":true,"_links":{"self":[{"href":"https:\/\/www.ripstop.be\/en\/wp-json\/wp\/v2\/product\/31489","targetHints":{"allow":["GET"]}}],"collection":[{"href":"https:\/\/www.ripstop.be\/en\/wp-json\/wp\/v2\/product"}],"about":[{"href":"https:\/\/www.ripstop.be\/en\/wp-json\/wp\/v2\/types\/product"}],"version-history":[{"count":2,"href":"https:\/\/www.ripstop.be\/en\/wp-json\/wp\/v2\/product\/31489\/revisions"}],"predecessor-version":[{"id":31889,"href":"https:\/\/www.ripstop.be\/en\/wp-json\/wp\/v2\/product\/31489\/revisions\/31889"}],"wp:featuredmedia":[{"embeddable":true,"href":"https:\/\/www.ripstop.be\/en\/wp-json\/wp\/v2\/media\/31469"}],"wp:attachment":[{"href":"https:\/\/www.ripstop.be\/en\/wp-json\/wp\/v2\/media?parent=31489"}],"wp:term":[{"taxonomy":"product_brand","embeddable":true,"href":"https:\/\/www.ripstop.be\/en\/wp-json\/wp\/v2\/product_brand?post=31489"},{"taxonomy":"product_cat","embeddable":true,"href":"https:\/\/www.ripstop.be\/en\/wp-json\/wp\/v2\/product_cat?post=31489"},{"taxonomy":"product_tag","embeddable":true,"href":"https:\/\/www.ripstop.be\/en\/wp-json\/wp\/v2\/product_tag?post=31489"}],"curies":[{"name":"wp","href":"https:\/\/api.w.org\/{rel}","templated":true}]}}